{"id":1248,"date":"2017-01-12T14:59:25","date_gmt":"2017-01-12T14:59:25","guid":{"rendered":"https:\/\/www.energetische-hilfe.at\/?page_id=1248"},"modified":"2023-11-03T16:28:55","modified_gmt":"2023-11-03T16:28:55","slug":"geschenkideen-zirbenholzprodukte","status":"publish","type":"page","link":"https:\/\/energetische-hilfe.at\/?page_id=1248","title":{"rendered":"Geschenkideen f\u00fcr K\u00f6rper, Geist und Seele"},"content":{"rendered":"<div id=\"main\">\n<div id=\"container_wrap\" class=\"container-page equal_height left-1-col\"><\/div>\n<div class=\"weaver-clear\">\n<h1 style=\"text-align: center;\"><img loading=\"lazy\" decoding=\"async\" class=\"wp-image-1381 aligncenter\" style=\"font-size: 16px;\" src=\"https:\/\/www.energetische-hilfe.at\/wp-content\/uploads\/2018\/05\/YL-LogoID_DEF-e1526914009821.jpg\" alt=\"\" width=\"332\" height=\"117\" \/><\/h1>\n<h1 class=\"entry-title\"><img loading=\"lazy\" decoding=\"async\" class=\"wp-image-1615 aligncenter\" src=\"https:\/\/www.energetische-hilfe.at\/wp-content\/uploads\/2017\/01\/Starterset-2023.jpg\" alt=\"\" width=\"418\" height=\"418\" srcset=\"https:\/\/energetische-hilfe.at\/wp-content\/uploads\/2017\/01\/Starterset-2023.jpg 600w, https:\/\/energetische-hilfe.at\/wp-content\/uploads\/2017\/01\/Starterset-2023-150x150.jpg 150w, https:\/\/energetische-hilfe.at\/wp-content\/uploads\/2017\/01\/Starterset-2023-300x300.jpg 300w\" sizes=\"auto, (max-width: 418px) 100vw, 418px\" \/><\/h1>\n<h1 style=\"text-align: center;\"><span style=\"color: #008000;\"><strong>Zirbenholz &#8211; Produkte &#8211; <\/strong><\/span><\/h1>\n<h1 style=\"text-align: center;\"><span style=\"color: #008000;\"><strong>Geschenkideen<\/strong><\/span><\/h1>\n<p><span style=\"color: #008000;\">\u2665 Polster in verschiedenen Gr\u00f6\u00dfen, gef\u00fcllt mit extra daf\u00fcr speziell gehobelten Zirbensp\u00e4nen\u00a0sowie<\/span><br \/>\n<span style=\"color: #008000;\">\u2665 Nackenrollen<\/span><br \/>\n<span style=\"color: #008000;\">\u2665 Nackenh\u00f6rnchen\u00a0\u00a0\u00a0<\/span><br \/>\n<span style=\"color: #008000;\">\u2665 Zirbensp\u00e4ne Nachf\u00fcllungen<\/span><br \/>\n<span style=\"color: #008000;\">\u2665 Duftkissen\u00a0<\/span><br \/>\n<span style=\"color: #008000;\">\u2665 Vasen<\/span><br \/>\n<span style=\"color: #008000;\">\u2665 Sch\u00fcsseln<\/span><br \/>\n<span style=\"color: #008000;\">\u2665 Zirbenlampen, Duftlampen<\/span><br \/>\n<span style=\"color: #008000;\">\u2665 Bio-Zirben\u00f6l<\/span><br \/>\n<span style=\"color: #008000;\">\u2665 Zirben-Weihrauch<\/span><br \/>\n<span style=\"color: #008000;\">\u2665\u00a0<\/span><span style=\"color: #008000;\">Glaskaraffen\u00a0mit Lasergravur zB. Symbol\u00a0Blume des Lebens\u00a0<\/span><br \/>\n<span style=\"color: #008000;\">\u2665 Zirbenkugeln mit Lasergravur zB. Symbol\u00a0Blume des Lebens\u00a0<\/span><br \/>\n<span style=\"color: #008000;\">\u2665 Untersetzer mit Lasergravur zB. Symbol\u00a0Blume des Lebens\u00a0<\/span><br \/>\n<span style=\"color: #008000;\">\u2665 Brotdosen <\/span><br \/>\n<span style=\"color: #008000;\">\u2665 Jausenbretter <\/span><br \/>\n<span style=\"color: #008000;\">\u2665 Teelichterhalter<\/span><span style=\"color: #008000;\"><br \/>\n\u2665 Spruchtafeln (auch mit Spr\u00fcchen nach Wahl m\u00f6glich)<\/span><\/p>\n<p><img loading=\"lazy\" decoding=\"async\" class=\"alignleft size-thumbnail wp-image-1500\" src=\"https:\/\/www.energetische-hilfe.at\/wp-content\/uploads\/2012\/04\/b48f7c0c-6984-44f7-9604-d9adc8cb6622-150x150.jpg\" alt=\"\" width=\"150\" height=\"150\" \/><img loading=\"lazy\" decoding=\"async\" class=\"size-thumbnail wp-image-1502 alignnone\" src=\"https:\/\/www.energetische-hilfe.at\/wp-content\/uploads\/2012\/04\/IMG_4290-150x150.jpg\" alt=\"\" width=\"150\" height=\"150\" \/>\u00a0<img loading=\"lazy\" decoding=\"async\" class=\"size-thumbnail wp-image-1503 alignnone\" src=\"https:\/\/www.energetische-hilfe.at\/wp-content\/uploads\/2012\/04\/IMG_1519-150x150.jpg\" alt=\"\" width=\"150\" height=\"150\" \/><img loading=\"lazy\" decoding=\"async\" class=\"alignleft size-thumbnail wp-image-1507\" src=\"https:\/\/www.energetische-hilfe.at\/wp-content\/uploads\/2012\/04\/IMG_5065-150x150.jpg\" alt=\"\" width=\"150\" height=\"150\" \/><\/p>\n<p><img loading=\"lazy\" decoding=\"async\" class=\"size-thumbnail wp-image-1508 alignnone\" src=\"https:\/\/www.energetische-hilfe.at\/wp-content\/uploads\/2012\/04\/IMG_4830-150x150.jpg\" alt=\"\" width=\"150\" height=\"150\" \/><img loading=\"lazy\" decoding=\"async\" class=\"size-thumbnail wp-image-1506 alignleft\" src=\"https:\/\/www.energetische-hilfe.at\/wp-content\/uploads\/2012\/04\/IMG_4733-150x150.jpg\" alt=\"\" width=\"150\" height=\"150\" \/><img loading=\"lazy\" decoding=\"async\" class=\"size-thumbnail wp-image-1504 alignnone\" src=\"https:\/\/www.energetische-hilfe.at\/wp-content\/uploads\/2012\/04\/IMG_4729-150x150.jpg\" alt=\"\" width=\"150\" height=\"150\" \/><img loading=\"lazy\" decoding=\"async\" class=\"size-thumbnail wp-image-1505 alignnone\" src=\"https:\/\/www.energetische-hilfe.at\/wp-content\/uploads\/2012\/04\/IMG_4825-150x150.jpg\" alt=\"\" width=\"150\" height=\"150\" \/><\/p>\n<\/div>\n<\/div>\n<div id=\"attachment_1245\" style=\"width: 208px\" class=\"wp-caption alignleft\"><img loading=\"lazy\" decoding=\"async\" aria-describedby=\"caption-attachment-1245\" class=\" wp-image-1245\" src=\"https:\/\/www.energetische-hilfe.at\/wp-content\/uploads\/2017\/01\/IMG_4825-225x300.jpg\" alt=\"\" width=\"198\" height=\"259\" \/><p id=\"caption-attachment-1245\" class=\"wp-caption-text\">Wasserkaraffe Blume des Lebens, Zirbenkugel Blume des Lebens, Zirbenvase Herz<\/p><\/div>\n<p>&nbsp;<\/p>\n<p>&nbsp;<\/p>\n<div id=\"attachment_1311\" style=\"width: 235px\" class=\"wp-caption alignright\"><img loading=\"lazy\" decoding=\"async\" aria-describedby=\"caption-attachment-1311\" class=\"wp-image-1311 size-medium\" src=\"https:\/\/www.energetische-hilfe.at\/wp-content\/uploads\/2017\/01\/2017-01-12-PHOTO-00000661-225x300.jpg\" width=\"225\" height=\"300\" srcset=\"https:\/\/energetische-hilfe.at\/wp-content\/uploads\/2017\/01\/2017-01-12-PHOTO-00000661-225x300.jpg 225w, https:\/\/energetische-hilfe.at\/wp-content\/uploads\/2017\/01\/2017-01-12-PHOTO-00000661.jpg 480w\" sizes=\"auto, (max-width: 225px) 100vw, 225px\" \/><p id=\"caption-attachment-1311\" class=\"wp-caption-text\">Zirbenholzkugel mit Symbol Blume des Lebens<\/p><\/div>\n<p>&nbsp;<\/p>\n<div id=\"attachment_1312\" style=\"width: 235px\" class=\"wp-caption alignleft\"><img loading=\"lazy\" decoding=\"async\" aria-describedby=\"caption-attachment-1312\" class=\"wp-image-1312 size-medium\" src=\"https:\/\/www.energetische-hilfe.at\/wp-content\/uploads\/2017\/01\/2017-01-12-PHOTO-00000662-225x300.jpg\" width=\"225\" height=\"300\" srcset=\"https:\/\/energetische-hilfe.at\/wp-content\/uploads\/2017\/01\/2017-01-12-PHOTO-00000662-225x300.jpg 225w, https:\/\/energetische-hilfe.at\/wp-content\/uploads\/2017\/01\/2017-01-12-PHOTO-00000662.jpg 480w\" sizes=\"auto, (max-width: 225px) 100vw, 225px\" \/><p id=\"caption-attachment-1312\" class=\"wp-caption-text\">Wasserkaraffe mit Symbol Blume des Lebens<\/p><\/div>\n<div id=\"attachment_1313\" style=\"width: 235px\" class=\"wp-caption alignleft\"><img loading=\"lazy\" decoding=\"async\" aria-describedby=\"caption-attachment-1313\" class=\"wp-image-1313 size-medium\" src=\"https:\/\/www.energetische-hilfe.at\/wp-content\/uploads\/2017\/01\/2017-01-12-PHOTO-00000663-225x300.jpg\" width=\"225\" height=\"300\" srcset=\"https:\/\/energetische-hilfe.at\/wp-content\/uploads\/2017\/01\/2017-01-12-PHOTO-00000663-225x300.jpg 225w, https:\/\/energetische-hilfe.at\/wp-content\/uploads\/2017\/01\/2017-01-12-PHOTO-00000663.jpg 480w\" sizes=\"auto, (max-width: 225px) 100vw, 225px\" \/><p id=\"caption-attachment-1313\" class=\"wp-caption-text\">Zirbenlicht Blume des Lebens<\/p><\/div>\n<div id=\"attachment_1314\" style=\"width: 235px\" class=\"wp-caption alignleft\"><img loading=\"lazy\" decoding=\"async\" aria-describedby=\"caption-attachment-1314\" class=\"wp-image-1314 size-medium\" src=\"https:\/\/www.energetische-hilfe.at\/wp-content\/uploads\/2017\/01\/2017-01-12-PHOTO-00000664-225x300.jpg\" width=\"225\" height=\"300\" srcset=\"https:\/\/energetische-hilfe.at\/wp-content\/uploads\/2017\/01\/2017-01-12-PHOTO-00000664-225x300.jpg 225w, https:\/\/energetische-hilfe.at\/wp-content\/uploads\/2017\/01\/2017-01-12-PHOTO-00000664.jpg 480w\" sizes=\"auto, (max-width: 225px) 100vw, 225px\" \/><p id=\"caption-attachment-1314\" class=\"wp-caption-text\">Zirbenlicht Blume des Lebens<\/p><\/div>\n<div id=\"attachment_1315\" style=\"width: 235px\" class=\"wp-caption alignleft\"><img loading=\"lazy\" decoding=\"async\" aria-describedby=\"caption-attachment-1315\" class=\"wp-image-1315 size-medium\" src=\"https:\/\/www.energetische-hilfe.at\/wp-content\/uploads\/2017\/01\/2017-01-12-PHOTO-00000665-225x300.jpg\" width=\"225\" height=\"300\" srcset=\"https:\/\/energetische-hilfe.at\/wp-content\/uploads\/2017\/01\/2017-01-12-PHOTO-00000665-225x300.jpg 225w, https:\/\/energetische-hilfe.at\/wp-content\/uploads\/2017\/01\/2017-01-12-PHOTO-00000665.jpg 480w\" sizes=\"auto, (max-width: 225px) 100vw, 225px\" \/><p id=\"caption-attachment-1315\" class=\"wp-caption-text\">Zirbenlicht Blume des Lebens<\/p><\/div>\n<div id=\"attachment_1316\" style=\"width: 235px\" class=\"wp-caption alignleft\"><img loading=\"lazy\" decoding=\"async\" aria-describedby=\"caption-attachment-1316\" class=\"wp-image-1316 size-medium\" src=\"https:\/\/www.energetische-hilfe.at\/wp-content\/uploads\/2017\/01\/2017-01-12-PHOTO-00000666-225x300.jpg\" width=\"225\" height=\"300\" srcset=\"https:\/\/energetische-hilfe.at\/wp-content\/uploads\/2017\/01\/2017-01-12-PHOTO-00000666-225x300.jpg 225w, https:\/\/energetische-hilfe.at\/wp-content\/uploads\/2017\/01\/2017-01-12-PHOTO-00000666.jpg 480w\" sizes=\"auto, (max-width: 225px) 100vw, 225px\" \/><p id=\"caption-attachment-1316\" class=\"wp-caption-text\">Zirbenlicht Blume des Lebens<\/p><\/div>\n<p>&nbsp;<\/p>\n<p>&nbsp;<\/p>\n<h1 style=\"text-align: center;\"><span style=\"color: #008000;\">&#8230;und vieles vieles mehr&#8230;<\/span><\/h1>\n","protected":false},"excerpt":{"rendered":"<p>Zirbenholz &#8211; Produkte &#8211; Geschenkideen \u2665 Polster in verschiedenen Gr\u00f6\u00dfen, gef\u00fcllt mit extra daf\u00fcr speziell gehobelten Zirbensp\u00e4nen\u00a0sowie \u2665 Nackenrollen \u2665 Nackenh\u00f6rnchen\u00a0\u00a0\u00a0 \u2665 Zirbensp\u00e4ne Nachf\u00fcllungen \u2665 Duftkissen\u00a0 \u2665 Vasen \u2665 Sch\u00fcsseln \u2665 Zirbenlampen, Duftlampen \u2665 Bio-Zirben\u00f6l \u2665 Zirben-Weihrauch \u2665\u00a0Glaskaraffen\u00a0mit Lasergravur zB. &hellip; <a class=\"more-link\" href=\"https:\/\/energetische-hilfe.at\/?page_id=1248\">Weiterlesen <span class=\"meta-nav\">&rarr;<\/span><\/a><\/p>\n","protected":false},"author":2,"featured_media":0,"parent":0,"menu_order":11,"comment_status":"closed","ping_status":"closed","template":"","meta":{"footnotes":""},"class_list":["post-1248","page","type-page","status-publish","hentry"],"_links":{"self":[{"href":"https:\/\/energetische-hilfe.at\/index.php?rest_route=\/wp\/v2\/pages\/1248","targetHints":{"allow":["GET"]}}],"collection":[{"href":"https:\/\/energetische-hilfe.at\/index.php?rest_route=\/wp\/v2\/pages"}],"about":[{"href":"https:\/\/energetische-hilfe.at\/index.php?rest_route=\/wp\/v2\/types\/page"}],"author":[{"embeddable":true,"href":"https:\/\/energetische-hilfe.at\/index.php?rest_route=\/wp\/v2\/users\/2"}],"replies":[{"embeddable":true,"href":"https:\/\/energetische-hilfe.at\/index.php?rest_route=%2Fwp%2Fv2%2Fcomments&post=1248"}],"version-history":[{"count":39,"href":"https:\/\/energetische-hilfe.at\/index.php?rest_route=\/wp\/v2\/pages\/1248\/revisions"}],"predecessor-version":[{"id":1628,"href":"https:\/\/energetische-hilfe.at\/index.php?rest_route=\/wp\/v2\/pages\/1248\/revisions\/1628"}],"wp:attachment":[{"href":"https:\/\/energetische-hilfe.at\/index.php?rest_route=%2Fwp%2Fv2%2Fmedia&parent=1248"}],"curies":[{"name":"wp","href":"https:\/\/api.w.org\/{rel}","templated":true}]}}