{"id":415,"date":"2012-04-22T16:54:42","date_gmt":"2012-04-22T16:54:42","guid":{"rendered":"https:\/\/www.energetische-hilfe.at\/wp\/?page_id=415"},"modified":"2017-01-27T17:44:41","modified_gmt":"2017-01-27T17:44:41","slug":"energetische-reinigung","status":"publish","type":"page","link":"https:\/\/energetische-hilfe.at\/?page_id=415","title":{"rendered":"Energetische Reinigung"},"content":{"rendered":"<p><span style=\"color: #800080;\"><a href=\"https:\/\/energetische-hilfe.at\/wp-content\/uploads\/2012\/04\/Blumenstrau\u00df-Rose.jpg\"><img loading=\"lazy\" decoding=\"async\" class=\"alignleft size-medium wp-image-811\" title=\"\" src=\"https:\/\/energetische-hilfe.at\/wp-content\/uploads\/2012\/04\/Blumenstrau\u00df-Rose-300x224.jpg\" alt=\"\" width=\"300\" height=\"224\" srcset=\"https:\/\/energetische-hilfe.at\/wp-content\/uploads\/2012\/04\/Blumenstrau\u00df-Rose-300x224.jpg 300w, https:\/\/energetische-hilfe.at\/wp-content\/uploads\/2012\/04\/Blumenstrau\u00df-Rose-1024x764.jpg 1024w, https:\/\/energetische-hilfe.at\/wp-content\/uploads\/2012\/04\/Blumenstrau\u00df-Rose-401x300.jpg 401w\" sizes=\"auto, (max-width: 300px) 100vw, 300px\" \/><\/a><\/span><\/p>\n<p><span style=\"color: #800080;\">&#8230;macht dich wieder fit!<\/span><\/p>\n<p><span style=\"color: #800080;\">F\u00fchlst du dich ersch\u00f6pft, m\u00fcde, ausgelaugt, abgeschlagen, traurig, lustlos, aggressiv, w\u00fctend,&#8230;&#8230; ohne ersichtlichen Grund?\u00a0<\/span><\/p>\n<p><span style=\"color: #800080;\">Hast du pl\u00f6tzliche Stimmungsschwankungen?<\/span><\/p>\n<p><span style=\"color: #800080;\">Hast du k\u00f6rperliche Beschwerden, Schmerzen&#8230;&#8230; und der Arzt findet nichts?<\/span><\/p>\n<p>&nbsp;<\/p>\n<p><span style=\"color: #800080;\">\u00a0<a href=\"https:\/\/energetische-hilfe.at\/?page_id=823\">Siehe Atlantis Aura Soma:<\/a><\/span><\/p>\n<p><span style=\"color: #800080;\">Jede &#8222;Krankheit&#8220;, jeder Schmerz,&#8230; ist ein Ungleichgewicht im Menschen. Die Ursache kann im emotionalen, mentalen, spirituellen, karmischen, energetischen Bereich, bzw. im f\u00fchlen, denken, handeln sein. M\u00f6glicherweise fehlt auch die notwendige Erdung oder die\u00a0<a href=\"http:\/www.energetische-hilfe.at\/wp\/?page_id=469\">Chakren<\/a>\u00a0sind blockiert.\u00a0<\/span><\/p>\n<p><span style=\"color: #800080;\">Je nach Problemthema \u00fcberpr\u00fcfe, reinige und harmonisiere ich dein gesamtes feinstoffliches Energiesystem um dir die notwendige &#8222;Unterst\u00fctzung zur Selbstheilung&#8220; zu geben.<\/span><\/p>\n<p><span style=\"color: #800080;\">Wenn Du m\u00f6chtest, kann ich dein Energiesystem \u00fcberpr\u00fcfen, reinigen und harmonisieren, ohne dass du pers\u00f6nlich anwesend sein musst. Deine Bereitschaft dazu gen\u00fcgt. Ruf mich einfach an und erz\u00e4hl mir kurz um was es geht. \u00a0<\/span><\/p>\n<p><span style=\"color: #800080;\"><br \/>\n<\/span><\/p>\n<p><span style=\"color: #800080;\"><a title=\"allgemeine Erkl\u00e4rungen\" href=\" https:\/\/energetische-hilfe.at\/?page_id=553 \">Erkl\u00e4rungen<\/a><\/span><\/p>\n<p>&nbsp;<\/p>\n","protected":false},"excerpt":{"rendered":"<p>&#8230;macht dich wieder fit! F\u00fchlst du dich ersch\u00f6pft, m\u00fcde, ausgelaugt, abgeschlagen, traurig, lustlos, aggressiv, w\u00fctend,&#8230;&#8230; ohne ersichtlichen Grund?\u00a0 Hast du pl\u00f6tzliche Stimmungsschwankungen? Hast du k\u00f6rperliche Beschwerden, Schmerzen&#8230;&#8230; und der Arzt findet nichts? &nbsp; \u00a0Siehe Atlantis Aura Soma: Jede &#8222;Krankheit&#8220;, jeder &hellip; <a class=\"more-link\" href=\"https:\/\/energetische-hilfe.at\/?page_id=415\">Weiterlesen <span class=\"meta-nav\">&rarr;<\/span><\/a><\/p>\n","protected":false},"author":2,"featured_media":0,"parent":395,"menu_order":4,"comment_status":"closed","ping_status":"closed","template":"","meta":{"footnotes":""},"class_list":["post-415","page","type-page","status-publish","hentry"],"_links":{"self":[{"href":"https:\/\/energetische-hilfe.at\/index.php?rest_route=\/wp\/v2\/pages\/415","targetHints":{"allow":["GET"]}}],"collection":[{"href":"https:\/\/energetische-hilfe.at\/index.php?rest_route=\/wp\/v2\/pages"}],"about":[{"href":"https:\/\/energetische-hilfe.at\/index.php?rest_route=\/wp\/v2\/types\/page"}],"author":[{"embeddable":true,"href":"https:\/\/energetische-hilfe.at\/index.php?rest_route=\/wp\/v2\/users\/2"}],"replies":[{"embeddable":true,"href":"https:\/\/energetische-hilfe.at\/index.php?rest_route=%2Fwp%2Fv2%2Fcomments&post=415"}],"version-history":[{"count":24,"href":"https:\/\/energetische-hilfe.at\/index.php?rest_route=\/wp\/v2\/pages\/415\/revisions"}],"predecessor-version":[{"id":846,"href":"https:\/\/energetische-hilfe.at\/index.php?rest_route=\/wp\/v2\/pages\/415\/revisions\/846"}],"up":[{"embeddable":true,"href":"https:\/\/energetische-hilfe.at\/index.php?rest_route=\/wp\/v2\/pages\/395"}],"wp:attachment":[{"href":"https:\/\/energetische-hilfe.at\/index.php?rest_route=%2Fwp%2Fv2%2Fmedia&parent=415"}],"curies":[{"name":"wp","href":"https:\/\/api.w.org\/{rel}","templated":true}]}}